{"id":57,"date":"2021-04-13T08:21:38","date_gmt":"2021-04-13T06:21:38","guid":{"rendered":"https:\/\/www.ersteprvaliga.hr\/plava-liga\/?page_id=57"},"modified":"2026-03-30T13:46:37","modified_gmt":"2026-03-30T11:46:37","slug":"pocetna","status":"publish","type":"page","link":"https:\/\/www.ersteprvaliga.hr\/plava-liga\/","title":{"rendered":"Po\u010detna"},"content":{"rendered":"<section class=\"c-competition\" id=\"gradovi\">\n\t<div class=\"c-container\">\n\n\t\t\t\t<div class=\"c-competition__container\">\n\n\t\t\t\t\t\t<div class=\"c-competition__container__left\">\n\n\t\t\t\t\t\t\t\t<svg width=\"276\" height=\"1298\" viewBox=\"0 0 276 1298\" fill=\"none\" xmlns=\"http:\/\/www.w3.org\/2000\/svg\">\n<path d=\"M27.8154 84.327L27.3879 128.995L0 128.386L0.411601 84.173C0.533431 60.818 8.8911 40.8946 25.512 24.4584C42.1324 8.02214 62.2204 -0.148361 85.8022 0.0020389C109.163 0.123839 129.091 8.47954 145.531 25.0962C161.972 41.713 170.131 61.6989 169.995 85.095L170 1298H143V84.941C143.1 69.2698 137.138 55.7384 125.944 44.4434C114.75 33.1483 101.295 27.4438 85.6202 27.3437C69.7522 27.2703 56.1759 32.8085 44.8781 43.9995C33.5801 55.1905 27.8741 68.6423 27.8154 84.327ZM64.5059 84.538L64.1028 129.813L36.48 129.216L36.9081 84.411C36.9841 71.1262 41.7833 59.8085 51.3617 50.4306C60.9401 41.0526 72.3319 36.3872 85.6192 36.4625C98.9074 36.5377 110.242 41.2944 119.609 50.7738C128.976 60.2532 133.075 71.6422 133 84.927V691.464V1298H106V691.359V84.785C106.054 79.047 103.991 74.1814 100.008 70.1623C96.0247 66.1432 91.1765 64.1342 85.4361 64.0801C79.6967 64.0259 74.7885 66.0036 70.6715 69.999C66.5695 73.9531 64.5039 78.827 64.5059 84.538Z\" fill=\"#82AFDE\" fill-opacity=\"0.16\"\/>\n<\/svg>\n\n\n\t\t\t\t\t\t\t\t<div class=\"c-competition__container__left__about\">\n\t\t\t\t\t<h2 class=\"c-competition__container__left__about__heading\">Prijavi se na atletsko natjecanje!<\/h2>\n\t\t\t\t\t<p class=\"c-competition__container__left__about__description\">\n\t\t\t\t\t\tIzaberi grad u kojem \u017eeli\u0161 sudjelovati na jedinstvenom atletskom natjecanju.\n\t\t\t\t\t<\/p>\n\t\t\t\t<\/div>\n\n\t\t\t\t\t\t\t\t<div class=\"c-competition__container__left__cities\">\n\t\t\t\t\t\t\t\t\t\t\t\t\t\t\t\t\t\t<a href=\"https:\/\/www.ersteprvaliga.hr\/plava-liga\/natjecanja\/zadar\/\" class=\"c-competition__container__city\">\n\n\t\t<h3 class=\"c-competition__container__city__title\">\n\t\tZadar\n\t\t<svg width=\"34\" height=\"12\" viewBox=\"0 0 34 12\" fill=\"none\" xmlns=\"http:\/\/www.w3.org\/2000\/svg\">\n<path d=\"M1 6H33M33 6L28.5 10.5M33 6L28.5 1.5\" stroke=\"#F39221\" stroke-width=\"2\" stroke-linecap=\"round\" stroke-linejoin=\"round\"\/>\n<\/svg>\n\n\t<\/h3>\n\n\t\t<p class=\"c-competition__container__city__label\">\n\t\tDatum natjecanja\n\t<\/p>\n\n\t\t<p class=\"c-competition__container__city__date\">\n\t\t23.4.2026\n\t<\/p>\n<\/a>\n\t\t\t\t\t\t\t\t\t\t\t\t\t\t\t\t\t\t\t\t\t\t\t\t<a href=\"https:\/\/www.ersteprvaliga.hr\/plava-liga\/natjecanja\/cakovec\/\" class=\"c-competition__container__city\">\n\n\t\t<h3 class=\"c-competition__container__city__title\">\n\t\t\u010cakovec\n\t\t<svg width=\"34\" height=\"12\" viewBox=\"0 0 34 12\" fill=\"none\" xmlns=\"http:\/\/www.w3.org\/2000\/svg\">\n<path d=\"M1 6H33M33 6L28.5 10.5M33 6L28.5 1.5\" stroke=\"#F39221\" stroke-width=\"2\" stroke-linecap=\"round\" stroke-linejoin=\"round\"\/>\n<\/svg>\n\n\t<\/h3>\n\n\t\t<p class=\"c-competition__container__city__label\">\n\t\tDatum natjecanja\n\t<\/p>\n\n\t\t<p class=\"c-competition__container__city__date\">\n\t\t28.4.2026\n\t<\/p>\n<\/a>\n\t\t\t\t\t\t\t\t\t\t\t\t\t\t\t\t\t\t\t\t\t\t\t\t<a href=\"https:\/\/www.ersteprvaliga.hr\/plava-liga\/natjecanja\/osijek\/\" class=\"c-competition__container__city\">\n\n\t\t<h3 class=\"c-competition__container__city__title\">\n\t\tOsijek\n\t\t<svg width=\"34\" height=\"12\" viewBox=\"0 0 34 12\" fill=\"none\" xmlns=\"http:\/\/www.w3.org\/2000\/svg\">\n<path d=\"M1 6H33M33 6L28.5 10.5M33 6L28.5 1.5\" stroke=\"#F39221\" stroke-width=\"2\" stroke-linecap=\"round\" stroke-linejoin=\"round\"\/>\n<\/svg>\n\n\t<\/h3>\n\n\t\t<p class=\"c-competition__container__city__label\">\n\t\tDatum natjecanja\n\t<\/p>\n\n\t\t<p class=\"c-competition__container__city__date\">\n\t\t29.4.2026\n\t<\/p>\n<\/a>\n\t\t\t\t\t\t\t\t\t\t\t\t\t\t\t\t\t\t\t\t\t\t\t\t<a href=\"https:\/\/www.ersteprvaliga.hr\/plava-liga\/natjecanja\/vukovar\/\" class=\"c-competition__container__city\">\n\n\t\t<h3 class=\"c-competition__container__city__title\">\n\t\tVukovar\n\t\t<svg width=\"34\" height=\"12\" viewBox=\"0 0 34 12\" fill=\"none\" xmlns=\"http:\/\/www.w3.org\/2000\/svg\">\n<path d=\"M1 6H33M33 6L28.5 10.5M33 6L28.5 1.5\" stroke=\"#F39221\" stroke-width=\"2\" stroke-linecap=\"round\" stroke-linejoin=\"round\"\/>\n<\/svg>\n\n\t<\/h3>\n\n\t\t<p class=\"c-competition__container__city__label\">\n\t\tDatum natjecanja\n\t<\/p>\n\n\t\t<p class=\"c-competition__container__city__date\">\n\t\t7.5.2026\n\t<\/p>\n<\/a>\n\t\t\t\t\t\t\t\t\t\t\t\t\t\t\t\t\t\t\t\t\t\t\t\t<a href=\"https:\/\/www.ersteprvaliga.hr\/plava-liga\/natjecanja\/rijeka\/\" class=\"c-competition__container__city\">\n\n\t\t<h3 class=\"c-competition__container__city__title\">\n\t\tRijeka\n\t\t<svg width=\"34\" height=\"12\" viewBox=\"0 0 34 12\" fill=\"none\" xmlns=\"http:\/\/www.w3.org\/2000\/svg\">\n<path d=\"M1 6H33M33 6L28.5 10.5M33 6L28.5 1.5\" stroke=\"#F39221\" stroke-width=\"2\" stroke-linecap=\"round\" stroke-linejoin=\"round\"\/>\n<\/svg>\n\n\t<\/h3>\n\n\t\t<p class=\"c-competition__container__city__label\">\n\t\tDatum natjecanja\n\t<\/p>\n\n\t\t<p class=\"c-competition__container__city__date\">\n\t\t13.5.2026\n\t<\/p>\n<\/a>\n\t\t\t\t\t\t\t\t\t\t\t\t\t\t\t\t\t\t\t\t\t\t\t\t<a href=\"https:\/\/www.ersteprvaliga.hr\/plava-liga\/natjecanja\/pula\/\" class=\"c-competition__container__city\">\n\n\t\t<h3 class=\"c-competition__container__city__title\">\n\t\tPula\n\t\t<svg width=\"34\" height=\"12\" viewBox=\"0 0 34 12\" fill=\"none\" xmlns=\"http:\/\/www.w3.org\/2000\/svg\">\n<path d=\"M1 6H33M33 6L28.5 10.5M33 6L28.5 1.5\" stroke=\"#F39221\" stroke-width=\"2\" stroke-linecap=\"round\" stroke-linejoin=\"round\"\/>\n<\/svg>\n\n\t<\/h3>\n\n\t\t<p class=\"c-competition__container__city__label\">\n\t\tDatum natjecanja\n\t<\/p>\n\n\t\t<p class=\"c-competition__container__city__date\">\n\t\t14.5.2026\n\t<\/p>\n<\/a>\n\t\t\t\t\t\t\t\t\t\t\t\t\t\t\t\t\t\t\t\t\t\t\t\t\t\t\t\t\t\t\t\t\t\t\t\t\t\t\t\t\t\t\t\t\t\t\t\t\t\t\t\t\t\t\t\t\t\t\t\t\t\t\t\t\t\t\t\t\t\t\t\t\t\t\t\t\t\t\t\t\t<\/div>\n\n\t\t\t<\/div>\n\n\t\t\t\t\t\t<div class=\"c-competition__container__right\">\n\n\t\t\t\t\t\t\t\t<svg width=\"276\" height=\"1140\" viewBox=\"0 0 276 1140\" fill=\"none\" xmlns=\"http:\/\/www.w3.org\/2000\/svg\" preserveAspectRatio=\"none\">\n<g clip-path=\"url(#clip0)\">\n<path d=\"M248.185 1055.67L248.612 1011L276 1011.61L275.588 1055.83C275.467 1079.18 267.109 1099.11 250.488 1115.54C233.868 1131.98 213.78 1140.15 190.198 1140C166.837 1139.88 146.909 1131.52 130.469 1114.9C114.028 1098.29 105.869 1078.3 106.005 1054.9L106 -158H133V1055.06C132.9 1070.73 138.862 1084.26 150.056 1095.56C161.25 1106.85 174.705 1112.56 190.38 1112.66C206.248 1112.73 219.824 1107.19 231.122 1096C242.42 1084.81 248.126 1071.36 248.185 1055.67ZM211.494 1055.46L211.897 1010.19L239.52 1010.78L239.092 1055.59C239.016 1068.87 234.217 1080.19 224.638 1089.57C215.06 1098.95 203.668 1103.61 190.381 1103.54C177.093 1103.46 165.758 1098.71 156.391 1089.23C147.024 1079.75 142.925 1068.36 143 1055.07V448.536V-158H170V448.641V1055.21C169.946 1060.95 172.009 1065.82 175.992 1069.84C179.975 1073.86 184.823 1075.87 190.564 1075.92C196.303 1075.97 201.212 1074 205.329 1070C209.431 1066.05 211.496 1061.17 211.494 1055.46Z\" fill=\"#82AFDE\" fill-opacity=\"0.16\"\/>\n<\/g>\n<defs>\n<clipPath id=\"clip0\">\n<rect width=\"276\" height=\"1140\" fill=\"white\" transform=\"translate(276 1140) rotate(-180)\"\/>\n<\/clipPath>\n<\/defs>\n<\/svg>\n\n\n\t\t\t\t\t\t\t\t<div class=\"c-competition__container__right__cities\">\n\t\t\t\t\t\t\t\t\t\t\t\t\t\t\t\t\t\t\t\t\t\t\t\t\t\t\t\t\t\t\t\t\t\t\t\t\t\t\t\t\t\t\t\t\t\t\t\t\t\t\t\t\t\t\t\t\t\t\t\t\t\t\t\t\t\t\t\t\t\t\t\t\t\t\t\t\t\t\t\t\t\t\t\t<a href=\"https:\/\/www.ersteprvaliga.hr\/plava-liga\/natjecanja\/sisak\/\" class=\"c-competition__container__city\">\n\n\t\t<h3 class=\"c-competition__container__city__title\">\n\t\tSisak\n\t\t<svg width=\"34\" height=\"12\" viewBox=\"0 0 34 12\" fill=\"none\" xmlns=\"http:\/\/www.w3.org\/2000\/svg\">\n<path d=\"M1 6H33M33 6L28.5 10.5M33 6L28.5 1.5\" stroke=\"#F39221\" stroke-width=\"2\" stroke-linecap=\"round\" stroke-linejoin=\"round\"\/>\n<\/svg>\n\n\t<\/h3>\n\n\t\t<p class=\"c-competition__container__city__label\">\n\t\tDatum natjecanja\n\t<\/p>\n\n\t\t<p class=\"c-competition__container__city__date\">\n\t\t19.5.2026\n\t<\/p>\n<\/a>\n\t\t\t\t\t\t\t\t\t\t\t\t\t\t\t\t\t\t\t\t\t\t\t\t<a href=\"https:\/\/www.ersteprvaliga.hr\/plava-liga\/natjecanja\/varazdin\/\" class=\"c-competition__container__city\">\n\n\t\t<h3 class=\"c-competition__container__city__title\">\n\t\tVara\u017edin\n\t\t<svg width=\"34\" height=\"12\" viewBox=\"0 0 34 12\" fill=\"none\" xmlns=\"http:\/\/www.w3.org\/2000\/svg\">\n<path d=\"M1 6H33M33 6L28.5 10.5M33 6L28.5 1.5\" stroke=\"#F39221\" stroke-width=\"2\" stroke-linecap=\"round\" stroke-linejoin=\"round\"\/>\n<\/svg>\n\n\t<\/h3>\n\n\t\t<p class=\"c-competition__container__city__label\">\n\t\tDatum natjecanja\n\t<\/p>\n\n\t\t<p class=\"c-competition__container__city__date\">\n\t\t20.5.2026\n\t<\/p>\n<\/a>\n\t\t\t\t\t\t\t\t\t\t\t\t\t\t\t\t\t\t\t\t\t\t\t\t<a href=\"https:\/\/www.ersteprvaliga.hr\/plava-liga\/natjecanja\/zagreb\/\" class=\"c-competition__container__city\">\n\n\t\t<h3 class=\"c-competition__container__city__title\">\n\t\tZagreb\n\t\t<svg width=\"34\" height=\"12\" viewBox=\"0 0 34 12\" fill=\"none\" xmlns=\"http:\/\/www.w3.org\/2000\/svg\">\n<path d=\"M1 6H33M33 6L28.5 10.5M33 6L28.5 1.5\" stroke=\"#F39221\" stroke-width=\"2\" stroke-linecap=\"round\" stroke-linejoin=\"round\"\/>\n<\/svg>\n\n\t<\/h3>\n\n\t\t<p class=\"c-competition__container__city__label\">\n\t\tDatum natjecanja\n\t<\/p>\n\n\t\t<p class=\"c-competition__container__city__date\">\n\t\t21.5.2026\n\t<\/p>\n<\/a>\n\t\t\t\t\t\t\t\t\t\t\t\t\t\t\t\t\t\t\t\t\t\t\t\t<a href=\"https:\/\/www.ersteprvaliga.hr\/plava-liga\/natjecanja\/split\/\" class=\"c-competition__container__city\">\n\n\t\t<h3 class=\"c-competition__container__city__title\">\n\t\tSplit\n\t\t<svg width=\"34\" height=\"12\" viewBox=\"0 0 34 12\" fill=\"none\" xmlns=\"http:\/\/www.w3.org\/2000\/svg\">\n<path d=\"M1 6H33M33 6L28.5 10.5M33 6L28.5 1.5\" stroke=\"#F39221\" stroke-width=\"2\" stroke-linecap=\"round\" stroke-linejoin=\"round\"\/>\n<\/svg>\n\n\t<\/h3>\n\n\t\t<p class=\"c-competition__container__city__label\">\n\t\tDatum natjecanja\n\t<\/p>\n\n\t\t<p class=\"c-competition__container__city__date\">\n\t\t22.5.2026\n\t<\/p>\n<\/a>\n\t\t\t\t\t\t\t\t\t\t\t\t\t\t\t\t\t\t\t\t\t\t\t\t<a href=\"https:\/\/www.ersteprvaliga.hr\/plava-liga\/natjecanja\/makarska\/\" class=\"c-competition__container__city\">\n\n\t\t<h3 class=\"c-competition__container__city__title\">\n\t\tMakarska\n\t\t<svg width=\"34\" height=\"12\" viewBox=\"0 0 34 12\" fill=\"none\" xmlns=\"http:\/\/www.w3.org\/2000\/svg\">\n<path d=\"M1 6H33M33 6L28.5 10.5M33 6L28.5 1.5\" stroke=\"#F39221\" stroke-width=\"2\" stroke-linecap=\"round\" stroke-linejoin=\"round\"\/>\n<\/svg>\n\n\t<\/h3>\n\n\t\t<p class=\"c-competition__container__city__label\">\n\t\tDatum natjecanja\n\t<\/p>\n\n\t\t<p class=\"c-competition__container__city__date\">\n\t\t23.5.2026\n\t<\/p>\n<\/a>\n\t\t\t\t\t\t\t\t\t\t\t\t\t\t\t\t\t\t\t\t\t\t\t\t<a href=\"https:\/\/www.ersteprvaliga.hr\/plava-liga\/natjecanja\/knin\/\" class=\"c-competition__container__city\">\n\n\t\t<h3 class=\"c-competition__container__city__title\">\n\t\tKnin\n\t\t<svg width=\"34\" height=\"12\" viewBox=\"0 0 34 12\" fill=\"none\" xmlns=\"http:\/\/www.w3.org\/2000\/svg\">\n<path d=\"M1 6H33M33 6L28.5 10.5M33 6L28.5 1.5\" stroke=\"#F39221\" stroke-width=\"2\" stroke-linecap=\"round\" stroke-linejoin=\"round\"\/>\n<\/svg>\n\n\t<\/h3>\n\n\t\t<p class=\"c-competition__container__city__label\">\n\t\tDatum natjecanja\n\t<\/p>\n\n\t\t<p class=\"c-competition__container__city__date\">\n\t\t24.5.2026\n\t<\/p>\n<\/a>\n\t\t\t\t\t\t\t\t\t\t\t\n\t\t\t\t\t\t\t\t\t\t<a class=\"c-competition__container__city\" href=\"https:\/\/www.ersteprvaliga.hr\/plava-liga\/natjecanja\/varazdin\/\">\n\n\t\t\t\t\t\t\t\t\t\t\t\t<h3 class=\"c-competition__container__city__title no-hover\">\n\t\t\t\t\t\t\tVara\u017edin finale\n\t\t\t\t\t\t\t<svg xmlns=\"http:\/\/www.w3.org\/2000\/svg\" width=\"18\" height=\"12\" viewBox=\"0 0 18 12\" fill=\"none\">\n\t<path d=\"M1 6H17M17 6L12.5 10.5M17 6L12.5 1.5\" stroke=\"white\" stroke-width=\"2\" stroke-linecap=\"round\" stroke-linejoin=\"round\"\/>\n<\/svg>\n\n\t\t\t\t\t\t<\/h3>\n\t\t\t\t\t\t\t\t\t\t\t\t<p class=\"c-competition__container__city__label\">\n\t\t\t\t\t\t\tDatum natjecanja\n\t\t\t\t\t\t<\/p>\n\t\t\t\t\t\t\t\t\t\t\t\t<p class=\"c-competition__container__city__date\">\n\t\t\t\t\t\t\t4.9.2026.\n\t\t\t\t\t\t\t<br>\n\t\t\t\t\t\t\tStadion Sloboda Vara\u017edin\n\t\t\t\t\t\t<\/p>\n\t\t\t\t\t<\/a>\n\t\t\t\t<\/div>\n\t\t\t<\/div>\n\n\t\t<\/div>\n\n\t<\/div>\n<\/section>\n\n\n<section class=\"c-slider\" id=\"slider-objave\">\n\t<div class=\"c-container\">\n\n\t\t\t\t<div class=\"c-slider__container\">\n\n\t\t\t\t\t\t<div class=\"c-slider__container__content\">\n\n\t\t\t\t\t\t\t\t<div class=\"c-slider__container__content__slick\">\n\t\t\t\t\t\t\t\t\t\t\t<div class=\"c-slider__container__content__slick__post\" data-id=\"12062\">\n\n\t\t\t\t\t\t\t\t\t\t\t\t\t\t<h2 class=\"c-slider__container__content__slick__post__heading\">Erste Plava liga 2026: Rekordno \u0161irenje na 12 gradova!<\/h2>\n\n\t\t\t\t\t\t\t\t\t\t\t\t\t\t<a href=\"https:\/\/www.ersteprvaliga.hr\/plava-liga\/?post_type=post&amp;p=12062\" class=\"c-button\">\n\t\t\t\t\t\t\t\tPro\u010ditaj vi\u0161e\n\t\t\t\t\t\t\t\t<svg width=\"18\" height=\"12\" viewBox=\"0 0 18 12\" fill=\"none\" xmlns=\"http:\/\/www.w3.org\/2000\/svg\">\n<path d=\"M1 6H17M17 6L12.5 10.5M17 6L12.5 1.5\" stroke=\"white\" stroke-width=\"2\" stroke-linecap=\"round\" stroke-linejoin=\"round\"\/>\n<\/svg>\n\n\t\t\t\t\t\t\t<\/a>\n\n\t\t\t\t\t\t<\/div>\n\t\t\t\t\t\t\t\t\t\t\t<div class=\"c-slider__container__content__slick__post\" data-id=\"11973\">\n\n\t\t\t\t\t\t\t\t\t\t\t\t\t\t<h2 class=\"c-slider__container__content__slick__post__heading\">Ekipa Zagreba pobjednik 13. izdanja Erste Plave lige!<\/h2>\n\n\t\t\t\t\t\t\t\t\t\t\t\t\t\t<a href=\"https:\/\/www.ersteprvaliga.hr\/plava-liga\/?post_type=post&amp;p=11973\" class=\"c-button\">\n\t\t\t\t\t\t\t\tPro\u010ditaj vi\u0161e\n\t\t\t\t\t\t\t\t<svg width=\"18\" height=\"12\" viewBox=\"0 0 18 12\" fill=\"none\" xmlns=\"http:\/\/www.w3.org\/2000\/svg\">\n<path d=\"M1 6H17M17 6L12.5 10.5M17 6L12.5 1.5\" stroke=\"white\" stroke-width=\"2\" stroke-linecap=\"round\" stroke-linejoin=\"round\"\/>\n<\/svg>\n\n\t\t\t\t\t\t\t<\/a>\n\n\t\t\t\t\t\t<\/div>\n\t\t\t\t\t\t\t\t\t\t\t<div class=\"c-slider__container__content__slick__post\" data-id=\"11045\">\n\n\t\t\t\t\t\t\t\t\t\t\t\t\t\t<h2 class=\"c-slider__container__content__slick__post__heading\">Erste Plava liga prvi put odr\u017eana u Sisku, uz znak za start gradona\u010delnika Orli\u0107a<\/h2>\n\n\t\t\t\t\t\t\t\t\t\t\t\t\t\t<a href=\"https:\/\/www.ersteprvaliga.hr\/plava-liga\/?post_type=post&amp;p=11045\" class=\"c-button\">\n\t\t\t\t\t\t\t\tPro\u010ditaj vi\u0161e\n\t\t\t\t\t\t\t\t<svg width=\"18\" height=\"12\" viewBox=\"0 0 18 12\" fill=\"none\" xmlns=\"http:\/\/www.w3.org\/2000\/svg\">\n<path d=\"M1 6H17M17 6L12.5 10.5M17 6L12.5 1.5\" stroke=\"white\" stroke-width=\"2\" stroke-linecap=\"round\" stroke-linejoin=\"round\"\/>\n<\/svg>\n\n\t\t\t\t\t\t\t<\/a>\n\n\t\t\t\t\t\t<\/div>\n\t\t\t\t\t\t\t\t\t\t\t<div class=\"c-slider__container__content__slick__post\" data-id=\"11527\">\n\n\t\t\t\t\t\t\t\t\t\t\t\t\t\t<h2 class=\"c-slider__container__content__slick__post__heading\">Za odlazak na finale Erste Plave lige borilo se 3000 malih atleti\u010dara<\/h2>\n\n\t\t\t\t\t\t\t\t\t\t\t\t\t\t<a href=\"https:\/\/www.ersteprvaliga.hr\/plava-liga\/?post_type=post&amp;p=11527\" class=\"c-button\">\n\t\t\t\t\t\t\t\tPro\u010ditaj vi\u0161e\n\t\t\t\t\t\t\t\t<svg width=\"18\" height=\"12\" viewBox=\"0 0 18 12\" fill=\"none\" xmlns=\"http:\/\/www.w3.org\/2000\/svg\">\n<path d=\"M1 6H17M17 6L12.5 10.5M17 6L12.5 1.5\" stroke=\"white\" stroke-width=\"2\" stroke-linecap=\"round\" stroke-linejoin=\"round\"\/>\n<\/svg>\n\n\t\t\t\t\t\t\t<\/a>\n\n\t\t\t\t\t\t<\/div>\n\t\t\t\t\t\t\t\t\t<\/div>\n\n\t\t\t\t\t\t\t\t<div class=\"c-slider__container__content__decoration\">\n\t\t\t\t\t<p class=\"c-slider__container__content__decoration__number js-slider-decor-number\">01<\/p>\n\t\t\t\t\t<div><\/div>\n\t\t\t\t\t<div><\/div>\n\t\t\t\t<\/div>\n\n\t\t\t<\/div>\n\n\t\t\t\t\t\t<div class=\"c-slider__container__images\">\n\n\t\t\t\t\t\t\t\t<div class=\"c-slider__container__images__slick\">\n\t\t\t\t\t\n\t\t\t\t\t\t\t\t\t\t\t\t<div class=\"c-slider__container__images__slick__image\"\n\t\t\t\t\t\t\t style=\"background-image: url(https:\/\/www.ersteprvaliga.hr\/plava-liga\/wp-content\/uploads\/sites\/2\/2026\/03\/Velika-stavka-EPLfinale144_jura_050925.jpeg)\"\n\t\t\t\t\t\t\t data-id=\"12062\">\n\t\t\t\t\t\t<\/div>\n\n\t\t\t\t\t\n\t\t\t\t\t\t\t\t\t\t\t\t<div class=\"c-slider__container__images__slick__image\"\n\t\t\t\t\t\t\t style=\"background-image: url(https:\/\/www.ersteprvaliga.hr\/plava-liga\/wp-content\/uploads\/sites\/2\/2025\/09\/Velika-stavka-Foto25-0905-215.jpeg)\"\n\t\t\t\t\t\t\t data-id=\"11973\">\n\t\t\t\t\t\t<\/div>\n\n\t\t\t\t\t\n\t\t\t\t\t\t\t\t\t\t\t\t<div class=\"c-slider__container__images__slick__image\"\n\t\t\t\t\t\t\t style=\"background-image: url(https:\/\/www.ersteprvaliga.hr\/plava-liga\/wp-content\/uploads\/sites\/2\/2025\/06\/Sisak25-0604-023.jpg)\"\n\t\t\t\t\t\t\t data-id=\"11045\">\n\t\t\t\t\t\t<\/div>\n\n\t\t\t\t\t\n\t\t\t\t\t\t\t\t\t\t\t\t<div class=\"c-slider__container__images__slick__image\"\n\t\t\t\t\t\t\t style=\"background-image: url(https:\/\/www.ersteprvaliga.hr\/plava-liga\/wp-content\/uploads\/sites\/2\/2025\/05\/Velika-stavka-EPL-Osijek-Goran128_290425.jpeg)\"\n\t\t\t\t\t\t\t data-id=\"11527\">\n\t\t\t\t\t\t<\/div>\n\n\t\t\t\t\t\t\t\t\t<\/div>\n\n\t\t\t\t\t\t\t\t<div class=\"c-slider__container__images__nav\"><\/div>\n\t\t\t<\/div>\n\n\t\t<\/div>\n\n\t<\/div>\n<\/section>\n\n\n\n<p><\/p>\n","protected":false},"excerpt":{"rendered":"","protected":false},"author":1,"featured_media":0,"parent":0,"menu_order":0,"comment_status":"closed","ping_status":"closed","template":"","meta":[],"yoast_head":"<!-- This site is optimized with the Yoast SEO plugin v16.2 - https:\/\/yoast.com\/wordpress\/plugins\/seo\/ -->\n<title>Po\u010detna - Erste Plava Liga<\/title>\n<meta name=\"robots\" content=\"index, follow, max-snippet:-1, max-image-preview:large, max-video-preview:-1\" \/>\n<link rel=\"canonical\" href=\"https:\/\/www.ersteprvaliga.hr\/plava-liga\/\" \/>\n<meta property=\"og:locale\" content=\"hr_HR\" \/>\n<meta property=\"og:type\" content=\"article\" \/>\n<meta property=\"og:title\" content=\"Po\u010detna - Erste Plava Liga\" \/>\n<meta property=\"og:url\" content=\"https:\/\/www.ersteprvaliga.hr\/plava-liga\/\" \/>\n<meta property=\"og:site_name\" content=\"Erste Plava Liga\" \/>\n<meta property=\"article:modified_time\" content=\"2026-03-30T11:46:37+00:00\" \/>\n<meta property=\"og:image\" content=\"https:\/\/www.ersteprvaliga.hr\/plava-liga\/wp-content\/uploads\/sites\/2\/2025\/04\/image-fb-share.png\" \/>\n\t<meta property=\"og:image:width\" content=\"1200\" \/>\n\t<meta property=\"og:image:height\" content=\"630\" \/>\n<meta name=\"twitter:card\" content=\"summary_large_image\" \/>\n<script type=\"application\/ld+json\" class=\"yoast-schema-graph\">{\"@context\":\"https:\/\/schema.org\",\"@graph\":[{\"@type\":\"Organization\",\"@id\":\"https:\/\/www.ersteprvaliga.hr\/plava-liga\/#organization\",\"name\":\"Erste Plava Liga\",\"url\":\"https:\/\/www.ersteprvaliga.hr\/plava-liga\/\",\"sameAs\":[],\"logo\":{\"@type\":\"ImageObject\",\"@id\":\"https:\/\/www.ersteprvaliga.hr\/plava-liga\/#logo\",\"inLanguage\":\"hr\",\"url\":\"https:\/\/www.ersteprvaliga.hr\/plava-liga\/wp-content\/uploads\/sites\/2\/2022\/03\/fb-share-plava-liga-1.jpg\",\"contentUrl\":\"https:\/\/www.ersteprvaliga.hr\/plava-liga\/wp-content\/uploads\/sites\/2\/2022\/03\/fb-share-plava-liga-1.jpg\",\"width\":1200,\"height\":630,\"caption\":\"Erste Plava Liga\"},\"image\":{\"@id\":\"https:\/\/www.ersteprvaliga.hr\/plava-liga\/#logo\"}},{\"@type\":\"WebSite\",\"@id\":\"https:\/\/www.ersteprvaliga.hr\/plava-liga\/#website\",\"url\":\"https:\/\/www.ersteprvaliga.hr\/plava-liga\/\",\"name\":\"Erste Plava Liga\",\"description\":\"\",\"publisher\":{\"@id\":\"https:\/\/www.ersteprvaliga.hr\/plava-liga\/#organization\"},\"potentialAction\":[{\"@type\":\"SearchAction\",\"target\":\"https:\/\/www.ersteprvaliga.hr\/plava-liga\/?s={search_term_string}\",\"query-input\":\"required name=search_term_string\"}],\"inLanguage\":\"hr\"},{\"@type\":\"WebPage\",\"@id\":\"https:\/\/www.ersteprvaliga.hr\/plava-liga\/#webpage\",\"url\":\"https:\/\/www.ersteprvaliga.hr\/plava-liga\/\",\"name\":\"Po\\u010detna - Erste Plava Liga\",\"isPartOf\":{\"@id\":\"https:\/\/www.ersteprvaliga.hr\/plava-liga\/#website\"},\"datePublished\":\"2021-04-13T06:21:38+00:00\",\"dateModified\":\"2026-03-30T11:46:37+00:00\",\"breadcrumb\":{\"@id\":\"https:\/\/www.ersteprvaliga.hr\/plava-liga\/#breadcrumb\"},\"inLanguage\":\"hr\",\"potentialAction\":[{\"@type\":\"ReadAction\",\"target\":[\"https:\/\/www.ersteprvaliga.hr\/plava-liga\/\"]}]},{\"@type\":\"BreadcrumbList\",\"@id\":\"https:\/\/www.ersteprvaliga.hr\/plava-liga\/#breadcrumb\",\"itemListElement\":[{\"@type\":\"ListItem\",\"position\":1,\"item\":{\"@type\":\"WebPage\",\"@id\":\"https:\/\/www.ersteprvaliga.hr\/plava-liga\/\",\"url\":\"https:\/\/www.ersteprvaliga.hr\/plava-liga\/\",\"name\":\"Po\\u010detna stranica\"}},{\"@type\":\"ListItem\",\"position\":2,\"item\":{\"@id\":\"https:\/\/www.ersteprvaliga.hr\/plava-liga\/#webpage\"}}]}]}<\/script>\n<!-- \/ Yoast SEO plugin. -->","_links":{"self":[{"href":"https:\/\/www.ersteprvaliga.hr\/plava-liga\/wp-json\/wp\/v2\/pages\/57"}],"collection":[{"href":"https:\/\/www.ersteprvaliga.hr\/plava-liga\/wp-json\/wp\/v2\/pages"}],"about":[{"href":"https:\/\/www.ersteprvaliga.hr\/plava-liga\/wp-json\/wp\/v2\/types\/page"}],"author":[{"embeddable":true,"href":"https:\/\/www.ersteprvaliga.hr\/plava-liga\/wp-json\/wp\/v2\/users\/1"}],"replies":[{"embeddable":true,"href":"https:\/\/www.ersteprvaliga.hr\/plava-liga\/wp-json\/wp\/v2\/comments?post=57"}],"version-history":[{"count":74,"href":"https:\/\/www.ersteprvaliga.hr\/plava-liga\/wp-json\/wp\/v2\/pages\/57\/revisions"}],"predecessor-version":[{"id":12074,"href":"https:\/\/www.ersteprvaliga.hr\/plava-liga\/wp-json\/wp\/v2\/pages\/57\/revisions\/12074"}],"wp:attachment":[{"href":"https:\/\/www.ersteprvaliga.hr\/plava-liga\/wp-json\/wp\/v2\/media?parent=57"}],"curies":[{"name":"wp","href":"https:\/\/api.w.org\/{rel}","templated":true}]}}